{"id":18,"date":"2025-04-28T15:00:17","date_gmt":"2025-04-28T19:00:17","guid":{"rendered":"http:\/\/localhost:8888\/stars\/?page_id=18"},"modified":"2026-01-05T09:24:37","modified_gmt":"2026-01-05T14:24:37","slug":"miembros-de-la-junta","status":"publish","type":"page","link":"https:\/\/stutteringresearch.org\/es\/board-members\/","title":{"rendered":"Conozca a los Miembros de la Junta y Oficiales"},"content":{"rendered":"","protected":false},"excerpt":{"rendered":"","protected":false},"author":1,"featured_media":0,"parent":0,"menu_order":0,"comment_status":"closed","ping_status":"closed","template":"templates\/flex.php","meta":{"_acf_changed":false,"footnotes":""},"class_list":["post-18","page","type-page","status-publish","hentry"],"acf":[],"yoast_head":"<!-- This site is optimized with the Yoast SEO plugin v27.5 - https:\/\/yoast.com\/product\/yoast-seo-wordpress\/ -->\n<title>Meet the Board Members &amp; Officers | Stuttering Treatment And Research Society<\/title>\n<meta name=\"description\" content=\"Meet the team of professionals behind the Stuttering Treatment &amp; Research Society working towards increasing awareness &amp; management of stuttering.\" \/>\n<meta name=\"robots\" content=\"index, follow, max-snippet:-1, max-image-preview:large, max-video-preview:-1\" \/>\n<link rel=\"canonical\" href=\"https:\/\/stutteringresearch.org\/es\/miembros-de-la-junta\/\" \/>\n<meta property=\"og:locale\" content=\"es_MX\" \/>\n<meta property=\"og:type\" content=\"article\" \/>\n<meta property=\"og:title\" content=\"Meet the Board Members &amp; Officers | Stuttering Treatment And Research Society\" \/>\n<meta property=\"og:description\" content=\"Meet the team of professionals behind the Stuttering Treatment &amp; Research Society working towards increasing awareness &amp; management of stuttering.\" \/>\n<meta property=\"og:url\" content=\"https:\/\/stutteringresearch.org\/es\/miembros-de-la-junta\/\" \/>\n<meta property=\"og:site_name\" content=\"STARS - Stuttering Treatment and Research Society\" \/>\n<meta property=\"article:publisher\" content=\"https:\/\/www.facebook.com\/profile.php?id=61574155787572\" \/>\n<meta property=\"article:modified_time\" content=\"2026-01-05T14:24:37+00:00\" \/>\n<meta property=\"og:image\" content=\"https:\/\/stutteringresearch.org\/wp-content\/uploads\/2025\/05\/yoast-default.png\" \/>\n\t<meta property=\"og:image:width\" content=\"1200\" \/>\n\t<meta property=\"og:image:height\" content=\"630\" \/>\n\t<meta property=\"og:image:type\" content=\"image\/png\" \/>\n<meta name=\"twitter:card\" content=\"summary_large_image\" \/>\n<script type=\"application\/ld+json\" class=\"yoast-schema-graph\">{\"@context\":\"https:\\\/\\\/schema.org\",\"@graph\":[{\"@type\":\"WebPage\",\"@id\":\"https:\\\/\\\/stutteringresearch.org\\\/board-members\\\/\",\"url\":\"https:\\\/\\\/stutteringresearch.org\\\/board-members\\\/\",\"name\":\"Meet the Board Members & Officers | Stuttering Treatment And Research Society\",\"isPartOf\":{\"@id\":\"https:\\\/\\\/stutteringresearch.org\\\/#website\"},\"datePublished\":\"2025-04-28T19:00:17+00:00\",\"dateModified\":\"2026-01-05T14:24:37+00:00\",\"description\":\"Meet the team of professionals behind the Stuttering Treatment & Research Society working towards increasing awareness & management of stuttering.\",\"breadcrumb\":{\"@id\":\"https:\\\/\\\/stutteringresearch.org\\\/board-members\\\/#breadcrumb\"},\"inLanguage\":\"es\",\"potentialAction\":[{\"@type\":\"ReadAction\",\"target\":[\"https:\\\/\\\/stutteringresearch.org\\\/board-members\\\/\"]}]},{\"@type\":\"BreadcrumbList\",\"@id\":\"https:\\\/\\\/stutteringresearch.org\\\/board-members\\\/#breadcrumb\",\"itemListElement\":[{\"@type\":\"ListItem\",\"position\":1,\"name\":\"Home\",\"item\":\"https:\\\/\\\/stutteringresearch.org\\\/\"},{\"@type\":\"ListItem\",\"position\":2,\"name\":\"Meet the Board Members &#038; Officers\"}]},{\"@type\":\"WebSite\",\"@id\":\"https:\\\/\\\/stutteringresearch.org\\\/#website\",\"url\":\"https:\\\/\\\/stutteringresearch.org\\\/\",\"name\":\"STARS - Stuttering Treatment and Research Society\",\"description\":\"\",\"publisher\":{\"@id\":\"https:\\\/\\\/stutteringresearch.org\\\/#organization\"},\"potentialAction\":[{\"@type\":\"SearchAction\",\"target\":{\"@type\":\"EntryPoint\",\"urlTemplate\":\"https:\\\/\\\/stutteringresearch.org\\\/?s={search_term_string}\"},\"query-input\":{\"@type\":\"PropertyValueSpecification\",\"valueRequired\":true,\"valueName\":\"search_term_string\"}}],\"inLanguage\":\"es\"},{\"@type\":\"Organization\",\"@id\":\"https:\\\/\\\/stutteringresearch.org\\\/#organization\",\"name\":\"STARS - Stuttering Treatment and Research Society\",\"alternateName\":\"STARS\",\"url\":\"https:\\\/\\\/stutteringresearch.org\\\/\",\"logo\":{\"@type\":\"ImageObject\",\"inLanguage\":\"es\",\"@id\":\"https:\\\/\\\/stutteringresearch.org\\\/#\\\/schema\\\/logo\\\/image\\\/\",\"url\":\"https:\\\/\\\/stutteringresearch.org\\\/wp-content\\\/uploads\\\/2025\\\/05\\\/yoast-org-logo.png\",\"contentUrl\":\"https:\\\/\\\/stutteringresearch.org\\\/wp-content\\\/uploads\\\/2025\\\/05\\\/yoast-org-logo.png\",\"width\":700,\"height\":700,\"caption\":\"STARS - Stuttering Treatment and Research Society\"},\"image\":{\"@id\":\"https:\\\/\\\/stutteringresearch.org\\\/#\\\/schema\\\/logo\\\/image\\\/\"},\"sameAs\":[\"https:\\\/\\\/www.facebook.com\\\/profile.php?id=61574155787572\"]}]}<\/script>\n<!-- \/ Yoast SEO plugin. -->","yoast_head_json":{"title":"Conoce a los miembros de la junta directiva y los funcionarios | Sociedad de Investigaci\u00f3n y Tratamiento de la Tartamudez","description":"Conoce al equipo de profesionales detr\u00e1s de la Stuttering Treatment &amp; Research Society trabajando para aumentar la concienciaci\u00f3n y el manejo de la tartamudez.","robots":{"index":"index","follow":"follow","max-snippet":"max-snippet:-1","max-image-preview":"max-image-preview:large","max-video-preview":"max-video-preview:-1"},"canonical":"https:\/\/stutteringresearch.org\/es\/miembros-de-la-junta\/","og_locale":"es_MX","og_type":"article","og_title":"Meet the Board Members & Officers | Stuttering Treatment And Research Society","og_description":"Meet the team of professionals behind the Stuttering Treatment & Research Society working towards increasing awareness & management of stuttering.","og_url":"https:\/\/stutteringresearch.org\/es\/miembros-de-la-junta\/","og_site_name":"STARS - Stuttering Treatment and Research Society","article_publisher":"https:\/\/www.facebook.com\/profile.php?id=61574155787572","article_modified_time":"2026-01-05T14:24:37+00:00","og_image":[{"width":1200,"height":630,"url":"https:\/\/stutteringresearch.org\/wp-content\/uploads\/2025\/05\/yoast-default.png","type":"image\/png"}],"twitter_card":"summary_large_image","schema":{"@context":"https:\/\/schema.org","@graph":[{"@type":"WebPage","@id":"https:\/\/stutteringresearch.org\/board-members\/","url":"https:\/\/stutteringresearch.org\/board-members\/","name":"Conoce a los miembros de la junta directiva y los funcionarios | Sociedad de Investigaci\u00f3n y Tratamiento de la Tartamudez","isPartOf":{"@id":"https:\/\/stutteringresearch.org\/#website"},"datePublished":"2025-04-28T19:00:17+00:00","dateModified":"2026-01-05T14:24:37+00:00","description":"Conoce al equipo de profesionales detr\u00e1s de la Stuttering Treatment &amp; Research Society trabajando para aumentar la concienciaci\u00f3n y el manejo de la tartamudez.","breadcrumb":{"@id":"https:\/\/stutteringresearch.org\/board-members\/#breadcrumb"},"inLanguage":"es","potentialAction":[{"@type":"ReadAction","target":["https:\/\/stutteringresearch.org\/board-members\/"]}]},{"@type":"BreadcrumbList","@id":"https:\/\/stutteringresearch.org\/board-members\/#breadcrumb","itemListElement":[{"@type":"ListItem","position":1,"name":"Home","item":"https:\/\/stutteringresearch.org\/"},{"@type":"ListItem","position":2,"name":"Meet the Board Members &#038; Officers"}]},{"@type":"WebSite","@id":"https:\/\/stutteringresearch.org\/#website","url":"https:\/\/stutteringresearch.org\/","name":"STARS - Sociedad de Investigaci\u00f3n y Tratamiento de la Tartamudez","description":"","publisher":{"@id":"https:\/\/stutteringresearch.org\/#organization"},"potentialAction":[{"@type":"SearchAction","target":{"@type":"EntryPoint","urlTemplate":"https:\/\/stutteringresearch.org\/?s={search_term_string}"},"query-input":{"@type":"PropertyValueSpecification","valueRequired":true,"valueName":"search_term_string"}}],"inLanguage":"es"},{"@type":"Organization","@id":"https:\/\/stutteringresearch.org\/#organization","name":"STARS - Sociedad de Investigaci\u00f3n y Tratamiento de la Tartamudez","alternateName":"STARS","url":"https:\/\/stutteringresearch.org\/","logo":{"@type":"ImageObject","inLanguage":"es","@id":"https:\/\/stutteringresearch.org\/#\/schema\/logo\/image\/","url":"https:\/\/stutteringresearch.org\/wp-content\/uploads\/2025\/05\/yoast-org-logo.png","contentUrl":"https:\/\/stutteringresearch.org\/wp-content\/uploads\/2025\/05\/yoast-org-logo.png","width":700,"height":700,"caption":"STARS - Stuttering Treatment and Research Society"},"image":{"@id":"https:\/\/stutteringresearch.org\/#\/schema\/logo\/image\/"},"sameAs":["https:\/\/www.facebook.com\/profile.php?id=61574155787572"]}]}},"_links":{"self":[{"href":"https:\/\/stutteringresearch.org\/es\/wp-json\/wp\/v2\/pages\/18","targetHints":{"allow":["GET"]}}],"collection":[{"href":"https:\/\/stutteringresearch.org\/es\/wp-json\/wp\/v2\/pages"}],"about":[{"href":"https:\/\/stutteringresearch.org\/es\/wp-json\/wp\/v2\/types\/page"}],"author":[{"embeddable":true,"href":"https:\/\/stutteringresearch.org\/es\/wp-json\/wp\/v2\/users\/1"}],"replies":[{"embeddable":true,"href":"https:\/\/stutteringresearch.org\/es\/wp-json\/wp\/v2\/comments?post=18"}],"version-history":[{"count":56,"href":"https:\/\/stutteringresearch.org\/es\/wp-json\/wp\/v2\/pages\/18\/revisions"}],"predecessor-version":[{"id":1179,"href":"https:\/\/stutteringresearch.org\/es\/wp-json\/wp\/v2\/pages\/18\/revisions\/1179"}],"wp:attachment":[{"href":"https:\/\/stutteringresearch.org\/es\/wp-json\/wp\/v2\/media?parent=18"}],"curies":[{"name":"wp","href":"https:\/\/api.w.org\/{rel}","templated":true}]}}