{"id":16,"date":"2025-04-28T14:59:38","date_gmt":"2025-04-28T18:59:38","guid":{"rendered":"http:\/\/localhost:8888\/stars\/?page_id=16"},"modified":"2025-12-27T10:38:34","modified_gmt":"2025-12-27T15:38:34","slug":"para-profesionales-de-la-salud","status":"publish","type":"page","link":"https:\/\/stutteringresearch.org\/es\/for-healthcare-professionals\/","title":{"rendered":"Para Profesionales de la Salud"},"content":{"rendered":"","protected":false},"excerpt":{"rendered":"","protected":false},"author":1,"featured_media":0,"parent":0,"menu_order":0,"comment_status":"closed","ping_status":"closed","template":"templates\/flex.php","meta":{"_acf_changed":false,"footnotes":""},"class_list":["post-16","page","type-page","status-publish","hentry"],"acf":[],"yoast_head":"<!-- This site is optimized with the Yoast SEO plugin v27.5 - https:\/\/yoast.com\/product\/yoast-seo-wordpress\/ -->\n<title>Healthcare Professional Resources | Stars Stuttering Treatment &amp; Research<\/title>\n<meta name=\"description\" content=\"For Healthcare professionals focusing on stuttering in children and young adults to help understand the psychological effects stuttering can have.\" \/>\n<meta name=\"robots\" content=\"index, follow, max-snippet:-1, max-image-preview:large, max-video-preview:-1\" \/>\n<link rel=\"canonical\" href=\"https:\/\/stutteringresearch.org\/es\/para-profesionales-de-la-salud\/\" \/>\n<meta property=\"og:locale\" content=\"es_MX\" \/>\n<meta property=\"og:type\" content=\"article\" \/>\n<meta property=\"og:title\" content=\"Healthcare Professional Resources | Stars Stuttering Treatment &amp; Research\" \/>\n<meta property=\"og:description\" content=\"For Healthcare professionals focusing on stuttering in children and young adults to help understand the psychological effects stuttering can have.\" \/>\n<meta property=\"og:url\" content=\"https:\/\/stutteringresearch.org\/es\/para-profesionales-de-la-salud\/\" \/>\n<meta property=\"og:site_name\" content=\"STARS - Stuttering Treatment and Research Society\" \/>\n<meta property=\"article:publisher\" content=\"https:\/\/www.facebook.com\/profile.php?id=61574155787572\" \/>\n<meta property=\"article:modified_time\" content=\"2025-12-27T15:38:34+00:00\" \/>\n<meta property=\"og:image\" content=\"https:\/\/stutteringresearch.org\/wp-content\/uploads\/2025\/05\/yoast-default.png\" \/>\n\t<meta property=\"og:image:width\" content=\"1200\" \/>\n\t<meta property=\"og:image:height\" content=\"630\" \/>\n\t<meta property=\"og:image:type\" content=\"image\/png\" \/>\n<meta name=\"twitter:card\" content=\"summary_large_image\" \/>\n<script type=\"application\/ld+json\" class=\"yoast-schema-graph\">{\"@context\":\"https:\\\/\\\/schema.org\",\"@graph\":[{\"@type\":\"WebPage\",\"@id\":\"https:\\\/\\\/stutteringresearch.org\\\/for-healthcare-professionals\\\/\",\"url\":\"https:\\\/\\\/stutteringresearch.org\\\/for-healthcare-professionals\\\/\",\"name\":\"Healthcare Professional Resources | Stars Stuttering Treatment & Research\",\"isPartOf\":{\"@id\":\"https:\\\/\\\/stutteringresearch.org\\\/#website\"},\"datePublished\":\"2025-04-28T18:59:38+00:00\",\"dateModified\":\"2025-12-27T15:38:34+00:00\",\"description\":\"For Healthcare professionals focusing on stuttering in children and young adults to help understand the psychological effects stuttering can have.\",\"breadcrumb\":{\"@id\":\"https:\\\/\\\/stutteringresearch.org\\\/for-healthcare-professionals\\\/#breadcrumb\"},\"inLanguage\":\"es\",\"potentialAction\":[{\"@type\":\"ReadAction\",\"target\":[\"https:\\\/\\\/stutteringresearch.org\\\/for-healthcare-professionals\\\/\"]}]},{\"@type\":\"BreadcrumbList\",\"@id\":\"https:\\\/\\\/stutteringresearch.org\\\/for-healthcare-professionals\\\/#breadcrumb\",\"itemListElement\":[{\"@type\":\"ListItem\",\"position\":1,\"name\":\"Home\",\"item\":\"https:\\\/\\\/stutteringresearch.org\\\/\"},{\"@type\":\"ListItem\",\"position\":2,\"name\":\"For Healthcare Professionals\"}]},{\"@type\":\"WebSite\",\"@id\":\"https:\\\/\\\/stutteringresearch.org\\\/#website\",\"url\":\"https:\\\/\\\/stutteringresearch.org\\\/\",\"name\":\"STARS - Stuttering Treatment and Research Society\",\"description\":\"\",\"publisher\":{\"@id\":\"https:\\\/\\\/stutteringresearch.org\\\/#organization\"},\"potentialAction\":[{\"@type\":\"SearchAction\",\"target\":{\"@type\":\"EntryPoint\",\"urlTemplate\":\"https:\\\/\\\/stutteringresearch.org\\\/?s={search_term_string}\"},\"query-input\":{\"@type\":\"PropertyValueSpecification\",\"valueRequired\":true,\"valueName\":\"search_term_string\"}}],\"inLanguage\":\"es\"},{\"@type\":\"Organization\",\"@id\":\"https:\\\/\\\/stutteringresearch.org\\\/#organization\",\"name\":\"STARS - Stuttering Treatment and Research Society\",\"alternateName\":\"STARS\",\"url\":\"https:\\\/\\\/stutteringresearch.org\\\/\",\"logo\":{\"@type\":\"ImageObject\",\"inLanguage\":\"es\",\"@id\":\"https:\\\/\\\/stutteringresearch.org\\\/#\\\/schema\\\/logo\\\/image\\\/\",\"url\":\"https:\\\/\\\/stutteringresearch.org\\\/wp-content\\\/uploads\\\/2025\\\/05\\\/yoast-org-logo.png\",\"contentUrl\":\"https:\\\/\\\/stutteringresearch.org\\\/wp-content\\\/uploads\\\/2025\\\/05\\\/yoast-org-logo.png\",\"width\":700,\"height\":700,\"caption\":\"STARS - Stuttering Treatment and Research Society\"},\"image\":{\"@id\":\"https:\\\/\\\/stutteringresearch.org\\\/#\\\/schema\\\/logo\\\/image\\\/\"},\"sameAs\":[\"https:\\\/\\\/www.facebook.com\\\/profile.php?id=61574155787572\"]}]}<\/script>\n<!-- \/ Yoast SEO plugin. -->","yoast_head_json":{"title":"Recursos para Profesionales de la Salud | Tratamiento e Investigaci\u00f3n de la Tartamudez de Stars","description":"Para profesionales de la salud enfocados en la tartamudez en ni\u00f1os y adultos j\u00f3venes para ayudar a comprender los efectos psicol\u00f3gicos que puede tener la tartamudez.","robots":{"index":"index","follow":"follow","max-snippet":"max-snippet:-1","max-image-preview":"max-image-preview:large","max-video-preview":"max-video-preview:-1"},"canonical":"https:\/\/stutteringresearch.org\/es\/para-profesionales-de-la-salud\/","og_locale":"es_MX","og_type":"article","og_title":"Healthcare Professional Resources | Stars Stuttering Treatment & Research","og_description":"For Healthcare professionals focusing on stuttering in children and young adults to help understand the psychological effects stuttering can have.","og_url":"https:\/\/stutteringresearch.org\/es\/para-profesionales-de-la-salud\/","og_site_name":"STARS - Stuttering Treatment and Research Society","article_publisher":"https:\/\/www.facebook.com\/profile.php?id=61574155787572","article_modified_time":"2025-12-27T15:38:34+00:00","og_image":[{"width":1200,"height":630,"url":"https:\/\/stutteringresearch.org\/wp-content\/uploads\/2025\/05\/yoast-default.png","type":"image\/png"}],"twitter_card":"summary_large_image","schema":{"@context":"https:\/\/schema.org","@graph":[{"@type":"WebPage","@id":"https:\/\/stutteringresearch.org\/for-healthcare-professionals\/","url":"https:\/\/stutteringresearch.org\/for-healthcare-professionals\/","name":"Recursos para Profesionales de la Salud | Tratamiento e Investigaci\u00f3n de la Tartamudez de Stars","isPartOf":{"@id":"https:\/\/stutteringresearch.org\/#website"},"datePublished":"2025-04-28T18:59:38+00:00","dateModified":"2025-12-27T15:38:34+00:00","description":"Para profesionales de la salud enfocados en la tartamudez en ni\u00f1os y adultos j\u00f3venes para ayudar a comprender los efectos psicol\u00f3gicos que puede tener la tartamudez.","breadcrumb":{"@id":"https:\/\/stutteringresearch.org\/for-healthcare-professionals\/#breadcrumb"},"inLanguage":"es","potentialAction":[{"@type":"ReadAction","target":["https:\/\/stutteringresearch.org\/for-healthcare-professionals\/"]}]},{"@type":"BreadcrumbList","@id":"https:\/\/stutteringresearch.org\/for-healthcare-professionals\/#breadcrumb","itemListElement":[{"@type":"ListItem","position":1,"name":"Home","item":"https:\/\/stutteringresearch.org\/"},{"@type":"ListItem","position":2,"name":"For Healthcare Professionals"}]},{"@type":"WebSite","@id":"https:\/\/stutteringresearch.org\/#website","url":"https:\/\/stutteringresearch.org\/","name":"STARS - Sociedad de Investigaci\u00f3n y Tratamiento de la Tartamudez","description":"","publisher":{"@id":"https:\/\/stutteringresearch.org\/#organization"},"potentialAction":[{"@type":"SearchAction","target":{"@type":"EntryPoint","urlTemplate":"https:\/\/stutteringresearch.org\/?s={search_term_string}"},"query-input":{"@type":"PropertyValueSpecification","valueRequired":true,"valueName":"search_term_string"}}],"inLanguage":"es"},{"@type":"Organization","@id":"https:\/\/stutteringresearch.org\/#organization","name":"STARS - Sociedad de Investigaci\u00f3n y Tratamiento de la Tartamudez","alternateName":"STARS","url":"https:\/\/stutteringresearch.org\/","logo":{"@type":"ImageObject","inLanguage":"es","@id":"https:\/\/stutteringresearch.org\/#\/schema\/logo\/image\/","url":"https:\/\/stutteringresearch.org\/wp-content\/uploads\/2025\/05\/yoast-org-logo.png","contentUrl":"https:\/\/stutteringresearch.org\/wp-content\/uploads\/2025\/05\/yoast-org-logo.png","width":700,"height":700,"caption":"STARS - Stuttering Treatment and Research Society"},"image":{"@id":"https:\/\/stutteringresearch.org\/#\/schema\/logo\/image\/"},"sameAs":["https:\/\/www.facebook.com\/profile.php?id=61574155787572"]}]}},"_links":{"self":[{"href":"https:\/\/stutteringresearch.org\/es\/wp-json\/wp\/v2\/pages\/16","targetHints":{"allow":["GET"]}}],"collection":[{"href":"https:\/\/stutteringresearch.org\/es\/wp-json\/wp\/v2\/pages"}],"about":[{"href":"https:\/\/stutteringresearch.org\/es\/wp-json\/wp\/v2\/types\/page"}],"author":[{"embeddable":true,"href":"https:\/\/stutteringresearch.org\/es\/wp-json\/wp\/v2\/users\/1"}],"replies":[{"embeddable":true,"href":"https:\/\/stutteringresearch.org\/es\/wp-json\/wp\/v2\/comments?post=16"}],"version-history":[{"count":46,"href":"https:\/\/stutteringresearch.org\/es\/wp-json\/wp\/v2\/pages\/16\/revisions"}],"predecessor-version":[{"id":1103,"href":"https:\/\/stutteringresearch.org\/es\/wp-json\/wp\/v2\/pages\/16\/revisions\/1103"}],"wp:attachment":[{"href":"https:\/\/stutteringresearch.org\/es\/wp-json\/wp\/v2\/media?parent=16"}],"curies":[{"name":"wp","href":"https:\/\/api.w.org\/{rel}","templated":true}]}}