{"id":134,"date":"2025-04-29T10:36:41","date_gmt":"2025-04-29T14:36:41","guid":{"rendered":"http:\/\/localhost:8888\/stars\/?page_id=134"},"modified":"2025-06-26T16:24:08","modified_gmt":"2025-06-26T20:24:08","slug":"accesibilidad","status":"publish","type":"page","link":"https:\/\/stutteringresearch.org\/es\/accessibility\/","title":{"rendered":"Accesibilidad"},"content":{"rendered":"<p>La accesibilidad del sitio web es importante para nosotros y nos esforzamos por mantener nuestro sitio web en cumplimiento con los est\u00e1ndares WCAG 2.2 AA. Tenga en cuenta que la accesibilidad es un esfuerzo continuo, a medida que se crean e implementan nuevos est\u00e1ndares.<\/p>\n<p>Si tiene preguntas o inquietudes espec\u00edficas sobre la accesibilidad de alguna p\u00e1gina en particular de nuestro sitio web, env\u00ede sus preguntas y comentarios utilizando nuestro\u00a0<a href=\"https:\/\/stutteringresearch.org\/es\/contact\/\">formulario de contacto<\/a>. Si encuentra un problema de accesibilidad, aseg\u00farese de especificar la p\u00e1gina y el problema en su mensaje, y haremos todos los esfuerzos razonables para que esa p\u00e1gina sea accesible para usted.<\/p>\n<p>&nbsp;<\/p>\n<p><em>\u00daltima actualizaci\u00f3n: 11 de mayo de 2024.<\/em><\/p>","protected":false},"excerpt":{"rendered":"<p>Website accessibility is important to us, and we strive to keep our website compliant with WCAG 2.2 AA standards. Please be aware that accessibility is an ongoing effort, as new standards are created and implemented. If you have specific questions or concerns about the accessibility of any particular page on our website, please send your [&hellip;]<\/p>\n","protected":false},"author":1,"featured_media":0,"parent":0,"menu_order":0,"comment_status":"closed","ping_status":"closed","template":"templates\/text-only.php","meta":{"_acf_changed":false,"footnotes":""},"class_list":["post-134","page","type-page","status-publish","hentry"],"acf":[],"yoast_head":"<!-- This site is optimized with the Yoast SEO plugin v27.5 - https:\/\/yoast.com\/product\/yoast-seo-wordpress\/ -->\n<title>Accessibility - STARS - Stuttering Treatment and Research Society<\/title>\n<meta name=\"description\" content=\"Read our accessibility statement. We strive to keep our website compliant with modern guidelines and standards.\" \/>\n<meta name=\"robots\" content=\"index, follow, max-snippet:-1, max-image-preview:large, max-video-preview:-1\" \/>\n<link rel=\"canonical\" href=\"https:\/\/stutteringresearch.org\/es\/accesibilidad\/\" \/>\n<meta property=\"og:locale\" content=\"es_MX\" \/>\n<meta property=\"og:type\" content=\"article\" \/>\n<meta property=\"og:title\" content=\"Accessibility - STARS - Stuttering Treatment and Research Society\" \/>\n<meta property=\"og:description\" content=\"Read our accessibility statement. We strive to keep our website compliant with modern guidelines and standards.\" \/>\n<meta property=\"og:url\" content=\"https:\/\/stutteringresearch.org\/es\/accesibilidad\/\" \/>\n<meta property=\"og:site_name\" content=\"STARS - Stuttering Treatment and Research Society\" \/>\n<meta property=\"article:publisher\" content=\"https:\/\/www.facebook.com\/profile.php?id=61574155787572\" \/>\n<meta property=\"article:modified_time\" content=\"2025-06-26T20:24:08+00:00\" \/>\n<meta property=\"og:image\" content=\"https:\/\/stutteringresearch.org\/wp-content\/uploads\/2025\/05\/yoast-default.png\" \/>\n\t<meta property=\"og:image:width\" content=\"1200\" \/>\n\t<meta property=\"og:image:height\" content=\"630\" \/>\n\t<meta property=\"og:image:type\" content=\"image\/png\" \/>\n<meta name=\"twitter:card\" content=\"summary_large_image\" \/>\n<meta name=\"twitter:label1\" content=\"Est. reading time\" \/>\n\t<meta name=\"twitter:data1\" content=\"1 minuto\" \/>\n<script type=\"application\/ld+json\" class=\"yoast-schema-graph\">{\"@context\":\"https:\\\/\\\/schema.org\",\"@graph\":[{\"@type\":\"WebPage\",\"@id\":\"https:\\\/\\\/stutteringresearch.org\\\/accessibility\\\/\",\"url\":\"https:\\\/\\\/stutteringresearch.org\\\/accessibility\\\/\",\"name\":\"Accessibility - STARS - Stuttering Treatment and Research Society\",\"isPartOf\":{\"@id\":\"https:\\\/\\\/stutteringresearch.org\\\/#website\"},\"datePublished\":\"2025-04-29T14:36:41+00:00\",\"dateModified\":\"2025-06-26T20:24:08+00:00\",\"description\":\"Read our accessibility statement. We strive to keep our website compliant with modern guidelines and standards.\",\"breadcrumb\":{\"@id\":\"https:\\\/\\\/stutteringresearch.org\\\/accessibility\\\/#breadcrumb\"},\"inLanguage\":\"es\",\"potentialAction\":[{\"@type\":\"ReadAction\",\"target\":[\"https:\\\/\\\/stutteringresearch.org\\\/accessibility\\\/\"]}]},{\"@type\":\"BreadcrumbList\",\"@id\":\"https:\\\/\\\/stutteringresearch.org\\\/accessibility\\\/#breadcrumb\",\"itemListElement\":[{\"@type\":\"ListItem\",\"position\":1,\"name\":\"Home\",\"item\":\"https:\\\/\\\/stutteringresearch.org\\\/\"},{\"@type\":\"ListItem\",\"position\":2,\"name\":\"Accessibility\"}]},{\"@type\":\"WebSite\",\"@id\":\"https:\\\/\\\/stutteringresearch.org\\\/#website\",\"url\":\"https:\\\/\\\/stutteringresearch.org\\\/\",\"name\":\"STARS - Stuttering Treatment and Research Society\",\"description\":\"\",\"publisher\":{\"@id\":\"https:\\\/\\\/stutteringresearch.org\\\/#organization\"},\"potentialAction\":[{\"@type\":\"SearchAction\",\"target\":{\"@type\":\"EntryPoint\",\"urlTemplate\":\"https:\\\/\\\/stutteringresearch.org\\\/?s={search_term_string}\"},\"query-input\":{\"@type\":\"PropertyValueSpecification\",\"valueRequired\":true,\"valueName\":\"search_term_string\"}}],\"inLanguage\":\"es\"},{\"@type\":\"Organization\",\"@id\":\"https:\\\/\\\/stutteringresearch.org\\\/#organization\",\"name\":\"STARS - Stuttering Treatment and Research Society\",\"alternateName\":\"STARS\",\"url\":\"https:\\\/\\\/stutteringresearch.org\\\/\",\"logo\":{\"@type\":\"ImageObject\",\"inLanguage\":\"es\",\"@id\":\"https:\\\/\\\/stutteringresearch.org\\\/#\\\/schema\\\/logo\\\/image\\\/\",\"url\":\"https:\\\/\\\/stutteringresearch.org\\\/wp-content\\\/uploads\\\/2025\\\/05\\\/yoast-org-logo.png\",\"contentUrl\":\"https:\\\/\\\/stutteringresearch.org\\\/wp-content\\\/uploads\\\/2025\\\/05\\\/yoast-org-logo.png\",\"width\":700,\"height\":700,\"caption\":\"STARS - Stuttering Treatment and Research Society\"},\"image\":{\"@id\":\"https:\\\/\\\/stutteringresearch.org\\\/#\\\/schema\\\/logo\\\/image\\\/\"},\"sameAs\":[\"https:\\\/\\\/www.facebook.com\\\/profile.php?id=61574155787572\"]}]}<\/script>\n<!-- \/ Yoast SEO plugin. -->","yoast_head_json":{"title":"Accesibilidad - STARS - Sociedad de Investigaci\u00f3n y Tratamiento de la Tartamudez","description":"Lee nuestra declaraci\u00f3n de accesibilidad. Nos esforzamos por mantener nuestro sitio web cumpliendo con las directrices y est\u00e1ndares modernos.","robots":{"index":"index","follow":"follow","max-snippet":"max-snippet:-1","max-image-preview":"max-image-preview:large","max-video-preview":"max-video-preview:-1"},"canonical":"https:\/\/stutteringresearch.org\/es\/accesibilidad\/","og_locale":"es_MX","og_type":"article","og_title":"Accessibility - STARS - Stuttering Treatment and Research Society","og_description":"Read our accessibility statement. We strive to keep our website compliant with modern guidelines and standards.","og_url":"https:\/\/stutteringresearch.org\/es\/accesibilidad\/","og_site_name":"STARS - Stuttering Treatment and Research Society","article_publisher":"https:\/\/www.facebook.com\/profile.php?id=61574155787572","article_modified_time":"2025-06-26T20:24:08+00:00","og_image":[{"width":1200,"height":630,"url":"https:\/\/stutteringresearch.org\/wp-content\/uploads\/2025\/05\/yoast-default.png","type":"image\/png"}],"twitter_card":"summary_large_image","twitter_misc":{"Est. reading time":"1 minuto"},"schema":{"@context":"https:\/\/schema.org","@graph":[{"@type":"WebPage","@id":"https:\/\/stutteringresearch.org\/accessibility\/","url":"https:\/\/stutteringresearch.org\/accessibility\/","name":"Accesibilidad - STARS - Sociedad de Investigaci\u00f3n y Tratamiento de la Tartamudez","isPartOf":{"@id":"https:\/\/stutteringresearch.org\/#website"},"datePublished":"2025-04-29T14:36:41+00:00","dateModified":"2025-06-26T20:24:08+00:00","description":"Lee nuestra declaraci\u00f3n de accesibilidad. Nos esforzamos por mantener nuestro sitio web cumpliendo con las directrices y est\u00e1ndares modernos.","breadcrumb":{"@id":"https:\/\/stutteringresearch.org\/accessibility\/#breadcrumb"},"inLanguage":"es","potentialAction":[{"@type":"ReadAction","target":["https:\/\/stutteringresearch.org\/accessibility\/"]}]},{"@type":"BreadcrumbList","@id":"https:\/\/stutteringresearch.org\/accessibility\/#breadcrumb","itemListElement":[{"@type":"ListItem","position":1,"name":"Home","item":"https:\/\/stutteringresearch.org\/"},{"@type":"ListItem","position":2,"name":"Accessibility"}]},{"@type":"WebSite","@id":"https:\/\/stutteringresearch.org\/#website","url":"https:\/\/stutteringresearch.org\/","name":"STARS - Sociedad de Investigaci\u00f3n y Tratamiento de la Tartamudez","description":"","publisher":{"@id":"https:\/\/stutteringresearch.org\/#organization"},"potentialAction":[{"@type":"SearchAction","target":{"@type":"EntryPoint","urlTemplate":"https:\/\/stutteringresearch.org\/?s={search_term_string}"},"query-input":{"@type":"PropertyValueSpecification","valueRequired":true,"valueName":"search_term_string"}}],"inLanguage":"es"},{"@type":"Organization","@id":"https:\/\/stutteringresearch.org\/#organization","name":"STARS - Sociedad de Investigaci\u00f3n y Tratamiento de la Tartamudez","alternateName":"STARS","url":"https:\/\/stutteringresearch.org\/","logo":{"@type":"ImageObject","inLanguage":"es","@id":"https:\/\/stutteringresearch.org\/#\/schema\/logo\/image\/","url":"https:\/\/stutteringresearch.org\/wp-content\/uploads\/2025\/05\/yoast-org-logo.png","contentUrl":"https:\/\/stutteringresearch.org\/wp-content\/uploads\/2025\/05\/yoast-org-logo.png","width":700,"height":700,"caption":"STARS - Stuttering Treatment and Research Society"},"image":{"@id":"https:\/\/stutteringresearch.org\/#\/schema\/logo\/image\/"},"sameAs":["https:\/\/www.facebook.com\/profile.php?id=61574155787572"]}]}},"_links":{"self":[{"href":"https:\/\/stutteringresearch.org\/es\/wp-json\/wp\/v2\/pages\/134","targetHints":{"allow":["GET"]}}],"collection":[{"href":"https:\/\/stutteringresearch.org\/es\/wp-json\/wp\/v2\/pages"}],"about":[{"href":"https:\/\/stutteringresearch.org\/es\/wp-json\/wp\/v2\/types\/page"}],"author":[{"embeddable":true,"href":"https:\/\/stutteringresearch.org\/es\/wp-json\/wp\/v2\/users\/1"}],"replies":[{"embeddable":true,"href":"https:\/\/stutteringresearch.org\/es\/wp-json\/wp\/v2\/comments?post=134"}],"version-history":[{"count":5,"href":"https:\/\/stutteringresearch.org\/es\/wp-json\/wp\/v2\/pages\/134\/revisions"}],"predecessor-version":[{"id":601,"href":"https:\/\/stutteringresearch.org\/es\/wp-json\/wp\/v2\/pages\/134\/revisions\/601"}],"wp:attachment":[{"href":"https:\/\/stutteringresearch.org\/es\/wp-json\/wp\/v2\/media?parent=134"}],"curies":[{"name":"wp","href":"https:\/\/api.w.org\/{rel}","templated":true}]}}